{"id":200,"date":"2022-04-29T11:36:19","date_gmt":"2022-04-29T11:36:19","guid":{"rendered":"https:\/\/jardinsverds.com\/home"},"modified":"2022-05-06T09:25:26","modified_gmt":"2022-05-06T09:25:26","slug":"home","status":"publish","type":"page","link":"https:\/\/jardinsverds.com\/ca","title":{"rendered":"HOME"},"content":{"rendered":"<p>[vc_row full_width=&#8221;stretch_row_content_no_spaces&#8221; css=&#8221;.vc_custom_1651827655460{background-image: url(https:\/\/jardinsverds.com\/wp-content\/uploads\/2022\/04\/HEADER.png?id=10) !important;background-position: center !important;background-repeat: no-repeat !important;background-size: cover !important;}&#8221;][vc_column offset=&#8221;vc_hidden-md vc_hidden-sm vc_hidden-xs&#8221;]<div class=\"boc_spacing \" style=\"height: 350px\"><\/div>[vc_column_text css=&#8221;.vc_custom_1651828922147{margin-right: 750px !important;margin-left: 80px !important;}&#8221;]<\/p>\n<h1 style=\"color: white; font-weight: bold;\">ESPECIALISTES EN JARDINERIA PER A LA TEVA LLAR<\/h1>\n<p>[\/vc_column_text]<div class=\"boc_spacing \" style=\"height: 10px\"><\/div>[\/vc_column][\/vc_row][vc_row full_width=&#8221;stretch_row_content_no_spaces&#8221; css=&#8221;.vc_custom_1651827662877{margin-top: -35px !important;background-image: url(https:\/\/jardinsverds.com\/wp-content\/uploads\/2022\/04\/HEADER.png?id=10) !important;background-position: center !important;background-repeat: no-repeat !important;background-size: cover !important;}&#8221;][vc_column offset=&#8221;vc_hidden-lg&#8221;]<div class=\"boc_spacing \" style=\"height: 350px\"><\/div>[vc_column_text css=&#8221;.vc_custom_1651828928894{margin-right: 20px !important;margin-left: 20px !important;}&#8221;]<\/p>\n<h1 style=\"color: white; font-weight: bold;\">ESPECIALISTES EN JARDINERIA PER A LA TEVA LLAR<\/h1>\n<p>[\/vc_column_text]<div class=\"boc_spacing \" style=\"height: 10px\"><\/div>[\/vc_column][\/vc_row][vc_row][vc_column offset=&#8221;vc_hidden-md vc_hidden-sm vc_hidden-xs&#8221;]<div class=\"boc_spacing \" style=\"height: 30px\"><\/div>[\/vc_column][\/vc_row][vc_row gap=&#8221;35&#8243;][vc_column width=&#8221;1\/2&#8243;][vc_column_text]<\/p>\n<h2 style=\"font-weight: bold;\">ESPECIALISTES EN CONSTRUCCI\u00d3 DE JARDINS I MANTENIMENT DE JARDINS<\/h2>\n<p>[\/vc_column_text][vc_column_text]<\/p>\n<p style=\"text-align: justify;\">Amb una \u00e0mplia experi\u00e8ncia jardineria i paisatgisme, el nostre equip dissenya jardins personalitzats, adaptats a l&#8217;espai i tenint sempre en compte l&#8217;arquitectura exterior. En els nostres projectes de construcci\u00f3 de jardins instal\u00b7lem tant gespa artificial com gespa natural, a m\u00e9s de tenir en compte tots els aspectes que intervenen en el resultat final. Treballem la il\u00b7luminaci\u00f3 de jardins i instal\u00b7lem s\u00f2ls porcel\u00e0nics que permeten delimitar les diferents zones del jard\u00ed, creant exteriors \u00fanics.<\/p>\n<p>Una vegada acabat el projecte, l&#8217;equip de Jardins Verds s&#8217;encarrega tamb\u00e9 del manteniment de jardins, tenint en compte les necessitats del reg autom\u00e0tic, per exemple, les temporades de podes, entre altres serveis que permetran que el teu jard\u00ed es vegi sempre igual de b\u00e9 que el primer dia.<\/p>\n<p>[\/vc_column_text][\/vc_column][vc_column width=&#8221;1\/2&#8243;]<div role=\"form\" class=\"wpcf7\" id=\"wpcf7-f202-o1\" lang=\"es-ES\" dir=\"ltr\">\n<div class=\"screen-reader-response\"><p role=\"status\" aria-live=\"polite\" aria-atomic=\"true\"><\/p> <ul><\/ul><\/div>\n<form action=\"\/ca\/wp-json\/wp\/v2\/pages\/200#wpcf7-f202-o1\" method=\"post\" class=\"wpcf7-form init\" novalidate=\"novalidate\" data-status=\"init\">\n<div style=\"display: none;\">\n<input type=\"hidden\" name=\"_wpcf7\" value=\"202\" \/>\n<input type=\"hidden\" name=\"_wpcf7_version\" value=\"5.5.6\" \/>\n<input type=\"hidden\" name=\"_wpcf7_locale\" value=\"es_ES\" \/>\n<input type=\"hidden\" name=\"_wpcf7_unit_tag\" value=\"wpcf7-f202-o1\" \/>\n<input type=\"hidden\" name=\"_wpcf7_container_post\" value=\"0\" \/>\n<input type=\"hidden\" name=\"_wpcf7_posted_data_hash\" value=\"\" \/>\n<input type=\"hidden\" name=\"_wpcf7_recaptcha_response\" value=\"\" \/>\n<\/div>\n<div id=\"responsive-form\" class=\"clearfix\">\n<div class=\"form-row\">\n<div class=\"column-half\">Nom <span class=\"wpcf7-form-control-wrap first-name\"><input type=\"text\" name=\"first-name\" value=\"\" size=\"40\" class=\"wpcf7-form-control wpcf7-text wpcf7-validates-as-required\" aria-required=\"true\" aria-invalid=\"false\" \/><\/span><\/div>\n<div class=\"column-half\">Cognoms <span class=\"wpcf7-form-control-wrap last-name\"><input type=\"text\" name=\"last-name\" value=\"\" size=\"40\" class=\"wpcf7-form-control wpcf7-text wpcf7-validates-as-required\" aria-required=\"true\" aria-invalid=\"false\" \/><\/span><\/div>\n<\/div>\n<div class=\"form-row\">\n<div class=\"column-half\">Email <span class=\"wpcf7-form-control-wrap your-email\"><input type=\"email\" name=\"your-email\" value=\"\" size=\"40\" class=\"wpcf7-form-control wpcf7-text wpcf7-email wpcf7-validates-as-required wpcf7-validates-as-email\" aria-required=\"true\" aria-invalid=\"false\" \/><\/span><\/div>\n<div class=\"column-half\">Tel\u00e8fon <span class=\"wpcf7-form-control-wrap your-phone\"><input type=\"text\" name=\"your-phone\" value=\"\" size=\"40\" class=\"wpcf7-form-control wpcf7-text wpcf7-validates-as-required\" aria-required=\"true\" aria-invalid=\"false\" \/><\/span><\/div>\n<\/div>\n<div class=\"form-row\">\n<div class=\"column-full\">Missatge  <span class=\"wpcf7-form-control-wrap your-message\"><textarea name=\"your-message\" cols=\"40\" rows=\"2\" class=\"wpcf7-form-control wpcf7-textarea\" aria-invalid=\"false\"><\/textarea><\/span><\/div>\n<\/div>\n<div class=\"form-row\">\n<div class=\"column-half\"><span class=\"wpcf7-form-control-wrap Enviodedatos\"><span class=\"wpcf7-form-control wpcf7-acceptance\"><span class=\"wpcf7-list-item\"><label><input type=\"checkbox\" name=\"Enviodedatos\" value=\"1\" aria-invalid=\"false\" \/><span class=\"wpcf7-list-item-label\">Acceptes l'enviament de dades?<\/span><\/label><\/span><\/span><\/span><\/div>\n<div class=\"column-half\"><span class=\"wpcf7-form-control-wrap Enviodedatos\"><span class=\"wpcf7-form-control wpcf7-acceptance\"><span class=\"wpcf7-list-item\"><label><input type=\"checkbox\" name=\"Enviodedatos\" value=\"1\" aria-invalid=\"false\" \/><span class=\"wpcf7-list-item-label\">Acceptes la <a href=\"\/politica-de-privacidad-y-cookies\/\"><strong>pol\u00edtica de privacitat<\/strong><\/a>?<\/span><\/label><\/span><\/span><\/span><\/div>\n<\/div>\n<div class=\"form-row\">\n<div class=\"column-full\"><input type=\"submit\" value=\"Enviar\" class=\"wpcf7-form-control has-spinner wpcf7-submit\" \/><\/div>\n<\/div>\n<\/div>\n<div class=\"wpcf7-response-output\" aria-hidden=\"true\"><\/div><\/form><\/div>[\/vc_column][\/vc_row][vc_row][vc_column]<div class=\"boc_spacing \" style=\"height: 20px\"><\/div>[\/vc_column][\/vc_row][vc_row][vc_column][vc_column_text]<\/p>\n<h3 style=\"font-weight: bold; font-size: 27px;\">PROJECTES<\/h3>\n<p>[\/vc_column_text]<div class=\"grid_holder mfp_gallery  small_spacing\" id=\"img_gallery_c82546a65b74ab5cbdfeb2d183475532\"><div class=\"col span_1_of_5 info_item isotope_element\">\r\n\t\t\t\t\t\t\t<div class=\"pic  img_hover_effect3\">\t\t\t\r\n\t\t\t\t\t\t\t<a href=\"https:\/\/jardinsverds.com\/wp-content\/uploads\/2022\/04\/P_1.png\" class=\"mfp_popup_gal\" title=\"\">\r\n\t\t\t\t\t\t\t\t<img decoding=\"async\" src=\"https:\/\/jardinsverds.com\/wp-content\/uploads\/2022\/04\/P_1.png\" alt=\"\" \/>\r\n\t\t\t\t\t\t\t\t\r\n\t\t\t\t\t\t\t<\/a>\t<\/div><\/div><div class=\"col span_1_of_5 info_item isotope_element\">\r\n\t\t\t\t\t\t\t<div class=\"pic  img_hover_effect3\">\t\t\t\r\n\t\t\t\t\t\t\t<a href=\"https:\/\/jardinsverds.com\/wp-content\/uploads\/2022\/04\/P_2.png\" class=\"mfp_popup_gal\" title=\"\">\r\n\t\t\t\t\t\t\t\t<img decoding=\"async\" src=\"https:\/\/jardinsverds.com\/wp-content\/uploads\/2022\/04\/P_2.png\" alt=\"\" \/>\r\n\t\t\t\t\t\t\t\t\r\n\t\t\t\t\t\t\t<\/a>\t<\/div><\/div><div class=\"col span_1_of_5 info_item isotope_element\">\r\n\t\t\t\t\t\t\t<div class=\"pic  img_hover_effect3\">\t\t\t\r\n\t\t\t\t\t\t\t<a href=\"https:\/\/jardinsverds.com\/wp-content\/uploads\/2022\/04\/P_3.png\" class=\"mfp_popup_gal\" title=\"\">\r\n\t\t\t\t\t\t\t\t<img decoding=\"async\" src=\"https:\/\/jardinsverds.com\/wp-content\/uploads\/2022\/04\/P_3.png\" alt=\"\" \/>\r\n\t\t\t\t\t\t\t\t\r\n\t\t\t\t\t\t\t<\/a>\t<\/div><\/div><div class=\"col span_1_of_5 info_item isotope_element\">\r\n\t\t\t\t\t\t\t<div class=\"pic  img_hover_effect3\">\t\t\t\r\n\t\t\t\t\t\t\t<a href=\"https:\/\/jardinsverds.com\/wp-content\/uploads\/2022\/04\/P_4.png\" class=\"mfp_popup_gal\" title=\"\">\r\n\t\t\t\t\t\t\t\t<img decoding=\"async\" src=\"https:\/\/jardinsverds.com\/wp-content\/uploads\/2022\/04\/P_4.png\" alt=\"\" \/>\r\n\t\t\t\t\t\t\t\t\r\n\t\t\t\t\t\t\t<\/a>\t<\/div><\/div><div class=\"col span_1_of_5 info_item isotope_element\">\r\n\t\t\t\t\t\t\t<div class=\"pic  img_hover_effect3\">\t\t\t\r\n\t\t\t\t\t\t\t<a href=\"https:\/\/jardinsverds.com\/wp-content\/uploads\/2022\/04\/P_5.png\" class=\"mfp_popup_gal\" title=\"\">\r\n\t\t\t\t\t\t\t\t<img decoding=\"async\" src=\"https:\/\/jardinsverds.com\/wp-content\/uploads\/2022\/04\/P_5.png\" alt=\"\" \/>\r\n\t\t\t\t\t\t\t\t\r\n\t\t\t\t\t\t\t<\/a>\t<\/div><\/div><\/div>[\/vc_column][\/vc_row][vc_row][vc_column]<div class=\"boc_spacing \" style=\"height: 20px\"><\/div>[\/vc_column][\/vc_row][vc_row][vc_column][vc_column_text]<\/p>\n<h3 style=\"font-weight: bold; font-size: 27px;\">BLOG<\/h3>\n<p>[\/vc_column_text][\/vc_column][\/vc_row][vc_row][vc_column]<div class=\"boc_spacing \" style=\"height: 50px\"><\/div>[\/vc_column][\/vc_row]<\/p>\n","protected":false},"excerpt":{"rendered":"<p>[vc_row full_width=&#8221;stretch_row_content_no_spaces&#8221; css=&#8221;.vc_custom_1651827655460{background-image: url(https:\/\/jardinsverds.com\/wp-content\/uploads\/2022\/04\/HEADER.png?id=10) !important;background-position: center !important;background-repeat: no-repeat !important;background-size: cover !important;}&#8221;][vc_column offset=&#8221;vc_hidden-md vc_hidden-sm vc_hidden-xs&#8221;][vc_column_text css=&#8221;.vc_custom_1651828922147{margin-right: 750px !important;margin-left: 80px !important;}&#8221;] ESPECIALISTES EN JARDINERIA PER A LA TEVA LLAR [\/vc_column_text][\/vc_column][\/vc_row][vc_row full_width=&#8221;stretch_row_content_no_spaces&#8221; css=&#8221;.vc_custom_1651827662877{margin-top: -35px !important;background-image: url(https:\/\/jardinsverds.com\/wp-content\/uploads\/2022\/04\/HEADER.png?id=10) !important;background-position: center !important;background-repeat: no-repeat !important;background-size: cover !important;}&#8221;][vc_column offset=&#8221;vc_hidden-lg&#8221;][vc_column_text css=&#8221;.vc_custom_1651828928894{margin-right: 20px !important;margin-left: 20px !important;}&#8221;] ESPECIALISTES EN JARDINERIA PER A LA TEVA LLAR [\/vc_column_text][\/vc_column][\/vc_row][vc_row][vc_column offset=&#8221;vc_hidden-md vc_hidden-sm vc_hidden-xs&#8221;][\/vc_column][\/vc_row][vc_row gap=&#8221;35&#8243;][vc_column width=&#8221;1\/2&#8243;][vc_column_text]<\/p>\n<div class=\"h10\"><\/div>\n<p><a class=\"more-link1\" href=\"https:\/\/jardinsverds.com\/ca\">Read more<\/a><\/p>\n","protected":false},"author":1,"featured_media":0,"parent":0,"menu_order":0,"comment_status":"closed","ping_status":"closed","template":"","meta":{"footnotes":""},"class_list":["post-200","page","type-page","status-publish","hentry"],"_links":{"self":[{"href":"https:\/\/jardinsverds.com\/ca\/wp-json\/wp\/v2\/pages\/200","targetHints":{"allow":["GET"]}}],"collection":[{"href":"https:\/\/jardinsverds.com\/ca\/wp-json\/wp\/v2\/pages"}],"about":[{"href":"https:\/\/jardinsverds.com\/ca\/wp-json\/wp\/v2\/types\/page"}],"author":[{"embeddable":true,"href":"https:\/\/jardinsverds.com\/ca\/wp-json\/wp\/v2\/users\/1"}],"replies":[{"embeddable":true,"href":"https:\/\/jardinsverds.com\/ca\/wp-json\/wp\/v2\/comments?post=200"}],"version-history":[{"count":3,"href":"https:\/\/jardinsverds.com\/ca\/wp-json\/wp\/v2\/pages\/200\/revisions"}],"predecessor-version":[{"id":204,"href":"https:\/\/jardinsverds.com\/ca\/wp-json\/wp\/v2\/pages\/200\/revisions\/204"}],"wp:attachment":[{"href":"https:\/\/jardinsverds.com\/ca\/wp-json\/wp\/v2\/media?parent=200"}],"curies":[{"name":"wp","href":"https:\/\/api.w.org\/{rel}","templated":true}]}}